{"id":86694,"date":"2020-04-21T15:44:24","date_gmt":"2020-04-21T13:44:24","guid":{"rendered":"https:\/\/harden-construction.com\/?page_id=86694"},"modified":"2025-10-22T13:11:25","modified_gmt":"2025-10-22T11:11:25","slug":"projects","status":"publish","type":"page","link":"https:\/\/harden-construction.com\/en\/projects\/","title":{"rendered":"Projects"},"content":{"rendered":"<div class=\"wpb-content-wrapper\"><p>[vc_row row_height_percent=&#8221;0&#8243; override_padding=&#8221;yes&#8221; h_padding=&#8221;2&#8243; top_padding=&#8221;3&#8243; bottom_padding=&#8221;2&#8243; overlay_alpha=&#8221;50&#8243; gutter_size=&#8221;3&#8243; column_width_percent=&#8221;100&#8243; shift_y=&#8221;0&#8243; z_index=&#8221;0&#8243; uncode_shortcode_id=&#8221;861596&#8243;][vc_column column_width_percent=&#8221;100&#8243; align_horizontal=&#8221;align_center&#8221; gutter_size=&#8221;3&#8243; overlay_alpha=&#8221;50&#8243; shift_x=&#8221;0&#8243; shift_y=&#8221;0&#8243; shift_y_down=&#8221;0&#8243; z_index=&#8221;0&#8243; medium_width=&#8221;0&#8243; mobile_width=&#8221;0&#8243; width=&#8221;1\/3&#8243; uncode_shortcode_id=&#8221;135650&#8243;][uncode_counter value=&#8221;31&#8243; counter_color=&#8221;&#8221; size=&#8221;h1&#8243; weight=&#8221;900&#8243; uncode_shortcode_id=&#8221;102794&#8243;][vc_custom_heading text_color=&#8221;accent&#8221; heading_semantic=&#8221;p&#8221; text_size=&#8221;h6&#8243; text_transform=&#8221;uppercase&#8221; text_space=&#8221;fontspace-200200&#8243; uncode_shortcode_id=&#8221;463881&#8243; text_color_type=&#8221;uncode-palette&#8221;]projects[\/vc_custom_heading][\/vc_column][vc_column column_width_percent=&#8221;100&#8243; align_horizontal=&#8221;align_center&#8221; gutter_size=&#8221;3&#8243; overlay_alpha=&#8221;50&#8243; shift_x=&#8221;0&#8243; shift_y=&#8221;0&#8243; shift_y_down=&#8221;0&#8243; z_index=&#8221;0&#8243; medium_width=&#8221;0&#8243; mobile_width=&#8221;0&#8243; width=&#8221;1\/3&#8243; uncode_shortcode_id=&#8221;298182&#8243;][uncode_counter value=&#8221;1000000&#8243; counter_color=&#8221;&#8221; size=&#8221;h1&#8243; weight=&#8221;900&#8243; uncode_shortcode_id=&#8221;664494&#8243;][vc_custom_heading text_color=&#8221;accent&#8221; heading_semantic=&#8221;p&#8221; text_size=&#8221;h6&#8243; text_transform=&#8221;uppercase&#8221; text_space=&#8221;fontspace-200200&#8243; uncode_shortcode_id=&#8221;558947&#8243; text_color_type=&#8221;uncode-palette&#8221;]square meters[\/vc_custom_heading][\/vc_column][vc_column column_width_percent=&#8221;100&#8243; align_horizontal=&#8221;align_center&#8221; gutter_size=&#8221;3&#8243; overlay_alpha=&#8221;50&#8243; shift_x=&#8221;0&#8243; shift_y=&#8221;0&#8243; shift_y_down=&#8221;0&#8243; z_index=&#8221;0&#8243; medium_width=&#8221;0&#8243; mobile_width=&#8221;0&#8243; width=&#8221;1\/3&#8243; uncode_shortcode_id=&#8221;174956&#8243;][uncode_counter value=&#8221;23&#8243; counter_color=&#8221;&#8221; size=&#8221;h1&#8243; weight=&#8221;900&#8243; uncode_shortcode_id=&#8221;385077&#8243;][vc_custom_heading text_color=&#8221;accent&#8221; heading_semantic=&#8221;p&#8221; text_size=&#8221;h6&#8243; text_transform=&#8221;uppercase&#8221; text_space=&#8221;fontspace-200200&#8243; uncode_shortcode_id=&#8221;143808&#8243; text_color_type=&#8221;uncode-palette&#8221;]completed[\/vc_custom_heading][\/vc_column][\/vc_row][vc_row row_height_percent=&#8221;0&#8243; override_padding=&#8221;yes&#8221; h_padding=&#8221;2&#8243; top_padding=&#8221;3&#8243; bottom_padding=&#8221;3&#8243; overlay_alpha=&#8221;100&#8243; gutter_size=&#8221;100&#8243; column_width_percent=&#8221;100&#8243; shift_y=&#8221;0&#8243; z_index=&#8221;0&#8243; style=&#8221;inherited&#8221; uncode_shortcode_id=&#8221;708513&#8243;][vc_column column_width_percent=&#8221;100&#8243; gutter_size=&#8221;3&#8243; override_padding=&#8221;yes&#8221; column_padding=&#8221;0&#8243; overlay_alpha=&#8221;100&#8243; shift_x=&#8221;0&#8243; shift_y=&#8221;0&#8243; medium_width=&#8221;0&#8243; zoom_width=&#8221;0&#8243; zoom_height=&#8221;0&#8243; width=&#8221;1\/1&#8243;][uncode_index el_id=&#8221;index-2&#8243; loop=&#8221;size:All|order_by:date|order:DESC|post_type:portfolio|taxonomy_count:10&#8243; style_preset=&#8221;metro&#8221; screen_lg=&#8221;1000&#8243; screen_md=&#8221;600&#8243; screen_sm=&#8221;480&#8243; filtering=&#8221;yes&#8221; filtering_uppercase=&#8221;yes&#8221; filtering_full_width=&#8221;yes&#8221; filtering_position=&#8221;center&#8221; gutter_size=&#8221;3&#8243; post_items=&#8221;media|featured|onpost|original,date,title,text|excerpt|160,sep-one|full,link|link&#8221; portfolio_items=&#8221;title,media|featured|onpost|original,text|excerpt|80&#8243; footer_full_width=&#8221;yes&#8221; single_text=&#8221;overlay&#8221; single_back_color=&#8221;color-xsdn&#8221; single_overlay_color=&#8221;color-navy&#8221; single_overlay_opacity=&#8221;60&#8243; single_overlay_visible=&#8221;yes&#8221; single_text_visible=&#8221;yes&#8221; single_text_anim_type=&#8221;btt&#8221; single_h_align=&#8221;center&#8221; single_h_align_mobile=&#8221;center&#8221; single_padding=&#8221;2&#8243; single_title_semantic=&#8221;h2&#8243; single_title_dimension=&#8221;h2&#8243; single_text_lead=&#8221;yes&#8221; single_border=&#8221;yes&#8221; single_css_animation=&#8221;bottom-t-top&#8221; single_animation_delay=&#8221;200&#8243; post_matrix=&#8221;matrix&#8221; matrix_amount=&#8221;1&#8243; matrix_items=&#8221;eyIwX2kiOnsic2luZ2xlX2xheW91dF9wb3J0Zm9saW9faXRlbXMiOiJtZWRpYXxmZWF0dXJlZHxvbnBvc3R8b3JpZ2luYWwsZGV0YWlsLTE3NjMwOSx0aXRsZSxkZXRhaWwtOTM4MDUzLGRldGFpbC0xNDQ5MTgsZGV0YWlsLTEyODM2MCIsInNpbmdsZV9iYWNrX2NvbG9yIjoiY29sb3ItbHhtdCIsInNpbmdsZV90ZXh0X3Zpc2libGUiOiJ5ZXMifX0=&#8221; filter_all_text=&#8221;View All&#8221; uncode_shortcode_id=&#8221;136212&#8243; el_class=&#8221;realizacje-portfolio&#8221;][\/vc_column][\/vc_row][vc_row row_height_percent=&#8221;0&#8243; override_padding=&#8221;yes&#8221; h_padding=&#8221;2&#8243; top_padding=&#8221;0&#8243; bottom_padding=&#8221;3&#8243; overlay_alpha=&#8221;50&#8243; gutter_size=&#8221;3&#8243; column_width_percent=&#8221;100&#8243; shift_y=&#8221;0&#8243; z_index=&#8221;0&#8243; uncode_shortcode_id=&#8221;672844&#8243;][vc_column column_width_percent=&#8221;100&#8243; gutter_size=&#8221;3&#8243; overlay_alpha=&#8221;50&#8243; shift_x=&#8221;0&#8243; shift_y=&#8221;0&#8243; shift_y_down=&#8221;0&#8243; z_index=&#8221;0&#8243; medium_width=&#8221;0&#8243; mobile_width=&#8221;0&#8243; width=&#8221;1\/1&#8243; uncode_shortcode_id=&#8221;516895&#8243;][vc_accordion no_toggle=&#8221;yes&#8221; gutter_simple=&#8221;0&#8243; uncode_shortcode_id=&#8221;120795&#8243; active_tab=&#8221;0&#8243;][vc_accordion_tab gutter_size=&#8221;2&#8243; column_padding=&#8221;2&#8243; title=&#8221;Our projects&#8221; tab_id=&#8221;1693150878124-2-1&#8243;][vc_column_text uncode_shortcode_id=&#8221;184676&#8243;]<\/p>\n<p style=\"text-align: justify;\">As a general contractor of construction investments, we have carried out numerous technologically advanced projects. They are located in the provinces of \u0141\u00f3d\u017a, Mazovia, Wielkopolskia, Silesia and Kuyavia-Pomerania. Our experience has been appreciated by many companies well-known on the Polish market, including ZING, Samsung, TERG S.A. (MediaExpert), Carrefour, Poczta Polska, InPost or DB Schenker. We offer construction and design of logistics halls throughout Poland.<\/p>\n<p>[\/vc_column_text][\/vc_accordion_tab][vc_accordion_tab gutter_size=&#8221;2&#8243; column_padding=&#8221;2&#8243; title=&#8221;SUSTAINABLE CONSTRUCTION \u2013 FOR THE ENVIRONMENT&#8221; tab_id=&#8221;1691575526-1-651691582920256&#8243;][vc_column_text uncode_shortcode_id=&#8221;170514&#8243;]<\/p>\n<p style=\"text-align: justify;\">All of our projects have obtained BREEAM certification at the Excellent or Very good level. The impact on the environment is crucial to us &#8211; we feel it is our responsibility to protect it. With ecology in mind, we choose environmentally-friendly solutions. Our projects include not only buildings, but also the necessary infrastructure, flower meadows, lawns or green leisure zones. Energy from renewable sources, places for charging cars and electric buses, spaces full of greenery and the highest quality building materials are just examples of the solutions used implemented in our investments.<\/p>\n<p>[\/vc_column_text][\/vc_accordion_tab][vc_accordion_tab gutter_size=&#8221;2&#8243; column_padding=&#8221;2&#8243; title=&#8221;HARDEN \u2013 IT&#8217;S THANKS to THE PEOPLE&#8221; tab_id=&#8221;1692703068411-1-1&#8243;][vc_column_text uncode_shortcode_id=&#8221;206705&#8243;]We are a rapidly growing company that has completed many different projects in a short period of time. As the general contractor of facilities for Media Expert, InPost, Carrefour or Panattoni, we can boast an experienced team that meticulously supervises the entire construction process, paying attention to every detail. This is because Harden Construction is made up of people united by both a passion for their work and a friendly atmosphere. We are a company with deeply rooted values that help us achieve our goals. We focus on development and good cooperation at every stage of implementation. During the construction of the logistics hall, we adhere to health and safety rules and follow the principles of sustainable construction.[\/vc_column_text][\/vc_accordion_tab][\/vc_accordion][\/vc_column][\/vc_row]<\/p>\n<\/div>","protected":false},"excerpt":{"rendered":"<p>[vc_row row_height_percent=&#8221;0&#8243; override_padding=&#8221;yes&#8221; h_padding=&#8221;2&#8243; top_padding=&#8221;3&#8243; bottom_padding=&#8221;2&#8243; overlay_alpha=&#8221;50&#8243; gutter_size=&#8221;3&#8243; column_width_percent=&#8221;100&#8243; shift_y=&#8221;0&#8243; z_index=&#8221;0&#8243; uncode_shortcode_id=&#8221;861596&#8243;][vc_column column_width_percent=&#8221;100&#8243; align_horizontal=&#8221;align_center&#8221; gutter_size=&#8221;3&#8243; overlay_alpha=&#8221;50&#8243; shift_x=&#8221;0&#8243; shift_y=&#8221;0&#8243; shift_y_down=&#8221;0&#8243; z_index=&#8221;0&#8243; [&hellip;]<\/p>\n","protected":false},"author":1,"featured_media":85222,"parent":0,"menu_order":0,"comment_status":"closed","ping_status":"closed","template":"","meta":{"footnotes":""},"class_list":["post-86694","page","type-page","status-publish","has-post-thumbnail","hentry"],"yoast_head":"<!-- This site is optimized with the Yoast SEO plugin v27.3 - https:\/\/yoast.com\/product\/yoast-seo-wordpress\/ -->\n<title>Projects - Harden Construction<\/title>\n<meta name=\"robots\" content=\"index, follow, max-snippet:-1, max-image-preview:large, max-video-preview:-1\" \/>\n<link rel=\"canonical\" href=\"https:\/\/harden-construction.com\/en\/projects\/\" \/>\n<meta property=\"og:locale\" content=\"en_US\" \/>\n<meta property=\"og:type\" content=\"article\" \/>\n<meta property=\"og:title\" content=\"Projects - Harden Construction\" \/>\n<meta property=\"og:description\" content=\"[vc_row row_height_percent=&#8221;0&#8243; override_padding=&#8221;yes&#8221; h_padding=&#8221;2&#8243; top_padding=&#8221;3&#8243; bottom_padding=&#8221;2&#8243; overlay_alpha=&#8221;50&#8243; gutter_size=&#8221;3&#8243; column_width_percent=&#8221;100&#8243; shift_y=&#8221;0&#8243; z_index=&#8221;0&#8243; uncode_shortcode_id=&#8221;861596&#8243;][vc_column column_width_percent=&#8221;100&#8243; align_horizontal=&#8221;align_center&#8221; gutter_size=&#8221;3&#8243; overlay_alpha=&#8221;50&#8243; shift_x=&#8221;0&#8243; shift_y=&#8221;0&#8243; shift_y_down=&#8221;0&#8243; z_index=&#8221;0&#8243; [&hellip;]\" \/>\n<meta property=\"og:url\" content=\"https:\/\/harden-construction.com\/en\/projects\/\" \/>\n<meta property=\"og:site_name\" content=\"Harden Construction\" \/>\n<meta property=\"article:modified_time\" content=\"2025-10-22T11:11:25+00:00\" \/>\n<meta property=\"og:image\" content=\"https:\/\/harden-construction.com\/wp-content\/uploads\/2021\/08\/realizacje2.jpg\" \/>\n\t<meta property=\"og:image:width\" content=\"2560\" \/>\n\t<meta property=\"og:image:height\" content=\"842\" \/>\n\t<meta property=\"og:image:type\" content=\"image\/jpeg\" \/>\n<meta name=\"twitter:card\" content=\"summary_large_image\" \/>\n<meta name=\"twitter:label1\" content=\"Est. reading time\" \/>\n\t<meta name=\"twitter:data1\" content=\"4 minutes\" \/>\n<script type=\"application\/ld+json\" class=\"yoast-schema-graph\">{\"@context\":\"https:\\\/\\\/schema.org\",\"@graph\":[{\"@type\":\"WebPage\",\"@id\":\"https:\\\/\\\/harden-construction.com\\\/en\\\/projects\\\/\",\"url\":\"https:\\\/\\\/harden-construction.com\\\/en\\\/projects\\\/\",\"name\":\"Projects - Harden Construction\",\"isPartOf\":{\"@id\":\"https:\\\/\\\/harden-construction.com\\\/#website\"},\"primaryImageOfPage\":{\"@id\":\"https:\\\/\\\/harden-construction.com\\\/en\\\/projects\\\/#primaryimage\"},\"image\":{\"@id\":\"https:\\\/\\\/harden-construction.com\\\/en\\\/projects\\\/#primaryimage\"},\"thumbnailUrl\":\"https:\\\/\\\/harden-construction.com\\\/wp-content\\\/uploads\\\/2021\\\/08\\\/realizacje2.jpg\",\"datePublished\":\"2020-04-21T13:44:24+00:00\",\"dateModified\":\"2025-10-22T11:11:25+00:00\",\"breadcrumb\":{\"@id\":\"https:\\\/\\\/harden-construction.com\\\/en\\\/projects\\\/#breadcrumb\"},\"inLanguage\":\"en-US\",\"potentialAction\":[{\"@type\":\"ReadAction\",\"target\":[\"https:\\\/\\\/harden-construction.com\\\/en\\\/projects\\\/\"]}]},{\"@type\":\"ImageObject\",\"inLanguage\":\"en-US\",\"@id\":\"https:\\\/\\\/harden-construction.com\\\/en\\\/projects\\\/#primaryimage\",\"url\":\"https:\\\/\\\/harden-construction.com\\\/wp-content\\\/uploads\\\/2021\\\/08\\\/realizacje2.jpg\",\"contentUrl\":\"https:\\\/\\\/harden-construction.com\\\/wp-content\\\/uploads\\\/2021\\\/08\\\/realizacje2.jpg\",\"width\":2560,\"height\":842},{\"@type\":\"BreadcrumbList\",\"@id\":\"https:\\\/\\\/harden-construction.com\\\/en\\\/projects\\\/#breadcrumb\",\"itemListElement\":[{\"@type\":\"ListItem\",\"position\":1,\"name\":\"Strona g\u0142\u00f3wna\",\"item\":\"https:\\\/\\\/harden-construction.com\\\/en\\\/\"},{\"@type\":\"ListItem\",\"position\":2,\"name\":\"Projects\"}]},{\"@type\":\"WebSite\",\"@id\":\"https:\\\/\\\/harden-construction.com\\\/#website\",\"url\":\"https:\\\/\\\/harden-construction.com\\\/\",\"name\":\"Harden Construction\",\"description\":\"\",\"potentialAction\":[{\"@type\":\"SearchAction\",\"target\":{\"@type\":\"EntryPoint\",\"urlTemplate\":\"https:\\\/\\\/harden-construction.com\\\/?s={search_term_string}\"},\"query-input\":{\"@type\":\"PropertyValueSpecification\",\"valueRequired\":true,\"valueName\":\"search_term_string\"}}],\"inLanguage\":\"en-US\"}]}<\/script>\n<!-- \/ Yoast SEO plugin. -->","yoast_head_json":{"title":"Projects - Harden Construction","robots":{"index":"index","follow":"follow","max-snippet":"max-snippet:-1","max-image-preview":"max-image-preview:large","max-video-preview":"max-video-preview:-1"},"canonical":"https:\/\/harden-construction.com\/en\/projects\/","og_locale":"en_US","og_type":"article","og_title":"Projects - Harden Construction","og_description":"[vc_row row_height_percent=&#8221;0&#8243; override_padding=&#8221;yes&#8221; h_padding=&#8221;2&#8243; top_padding=&#8221;3&#8243; bottom_padding=&#8221;2&#8243; overlay_alpha=&#8221;50&#8243; gutter_size=&#8221;3&#8243; column_width_percent=&#8221;100&#8243; shift_y=&#8221;0&#8243; z_index=&#8221;0&#8243; uncode_shortcode_id=&#8221;861596&#8243;][vc_column column_width_percent=&#8221;100&#8243; align_horizontal=&#8221;align_center&#8221; gutter_size=&#8221;3&#8243; overlay_alpha=&#8221;50&#8243; shift_x=&#8221;0&#8243; shift_y=&#8221;0&#8243; shift_y_down=&#8221;0&#8243; z_index=&#8221;0&#8243; [&hellip;]","og_url":"https:\/\/harden-construction.com\/en\/projects\/","og_site_name":"Harden Construction","article_modified_time":"2025-10-22T11:11:25+00:00","og_image":[{"width":2560,"height":842,"url":"https:\/\/harden-construction.com\/wp-content\/uploads\/2021\/08\/realizacje2.jpg","type":"image\/jpeg"}],"twitter_card":"summary_large_image","twitter_misc":{"Est. reading time":"4 minutes"},"schema":{"@context":"https:\/\/schema.org","@graph":[{"@type":"WebPage","@id":"https:\/\/harden-construction.com\/en\/projects\/","url":"https:\/\/harden-construction.com\/en\/projects\/","name":"Projects - Harden Construction","isPartOf":{"@id":"https:\/\/harden-construction.com\/#website"},"primaryImageOfPage":{"@id":"https:\/\/harden-construction.com\/en\/projects\/#primaryimage"},"image":{"@id":"https:\/\/harden-construction.com\/en\/projects\/#primaryimage"},"thumbnailUrl":"https:\/\/harden-construction.com\/wp-content\/uploads\/2021\/08\/realizacje2.jpg","datePublished":"2020-04-21T13:44:24+00:00","dateModified":"2025-10-22T11:11:25+00:00","breadcrumb":{"@id":"https:\/\/harden-construction.com\/en\/projects\/#breadcrumb"},"inLanguage":"en-US","potentialAction":[{"@type":"ReadAction","target":["https:\/\/harden-construction.com\/en\/projects\/"]}]},{"@type":"ImageObject","inLanguage":"en-US","@id":"https:\/\/harden-construction.com\/en\/projects\/#primaryimage","url":"https:\/\/harden-construction.com\/wp-content\/uploads\/2021\/08\/realizacje2.jpg","contentUrl":"https:\/\/harden-construction.com\/wp-content\/uploads\/2021\/08\/realizacje2.jpg","width":2560,"height":842},{"@type":"BreadcrumbList","@id":"https:\/\/harden-construction.com\/en\/projects\/#breadcrumb","itemListElement":[{"@type":"ListItem","position":1,"name":"Strona g\u0142\u00f3wna","item":"https:\/\/harden-construction.com\/en\/"},{"@type":"ListItem","position":2,"name":"Projects"}]},{"@type":"WebSite","@id":"https:\/\/harden-construction.com\/#website","url":"https:\/\/harden-construction.com\/","name":"Harden Construction","description":"","potentialAction":[{"@type":"SearchAction","target":{"@type":"EntryPoint","urlTemplate":"https:\/\/harden-construction.com\/?s={search_term_string}"},"query-input":{"@type":"PropertyValueSpecification","valueRequired":true,"valueName":"search_term_string"}}],"inLanguage":"en-US"}]}},"_links":{"self":[{"href":"https:\/\/harden-construction.com\/en\/wp-json\/wp\/v2\/pages\/86694","targetHints":{"allow":["GET"]}}],"collection":[{"href":"https:\/\/harden-construction.com\/en\/wp-json\/wp\/v2\/pages"}],"about":[{"href":"https:\/\/harden-construction.com\/en\/wp-json\/wp\/v2\/types\/page"}],"author":[{"embeddable":true,"href":"https:\/\/harden-construction.com\/en\/wp-json\/wp\/v2\/users\/1"}],"replies":[{"embeddable":true,"href":"https:\/\/harden-construction.com\/en\/wp-json\/wp\/v2\/comments?post=86694"}],"version-history":[{"count":9,"href":"https:\/\/harden-construction.com\/en\/wp-json\/wp\/v2\/pages\/86694\/revisions"}],"predecessor-version":[{"id":88002,"href":"https:\/\/harden-construction.com\/en\/wp-json\/wp\/v2\/pages\/86694\/revisions\/88002"}],"wp:featuredmedia":[{"embeddable":true,"href":"https:\/\/harden-construction.com\/en\/wp-json\/wp\/v2\/media\/85222"}],"wp:attachment":[{"href":"https:\/\/harden-construction.com\/en\/wp-json\/wp\/v2\/media?parent=86694"}],"curies":[{"name":"wp","href":"https:\/\/api.w.org\/{rel}","templated":true}]}}