{"id":86808,"date":"2022-04-20T13:20:17","date_gmt":"2022-04-20T11:20:17","guid":{"rendered":"https:\/\/harden-construction.com\/?page_id=86808"},"modified":"2024-01-25T17:30:09","modified_gmt":"2024-01-25T16:30:09","slug":"gdpr","status":"publish","type":"page","link":"https:\/\/harden-construction.com\/en\/about-us\/documents\/gdpr\/","title":{"rendered":"GDPR"},"content":{"rendered":"<h1 style=\"text-align: center;\">Pe\u0142na klauzula informacyjna dla kandydat\u00f3w na umowie o prac\u0119<\/h1>\n<ol>\n<li>Administratorem Pani\/Pana danych osobowych jest Harden Construction Poland Sp. z o.o. (\u201e<strong>Harden<\/strong>\u201d) z siedzib\u0105 w Warszawie, Rondo Daszy\u0144skiego 1, 00-843 Warszawa. Mo\u017ce Pani\/Pan skontaktowa\u0107 si\u0119 z Administratorem poprzez adres e-mail: rekrutacja@harden-construction.com, a tak\u017ce pisemnie na wskazany wy\u017cej adres siedziby.<\/li>\n<li>Pani\/Pana dane osobowe zawarte w aplikacji o prac\u0119 b\u0119d\u0105 przetwarzane:a) w celu wykonania obowi\u0105zk\u00f3w wynikaj\u0105cych z przepis\u00f3w prawa, zwi\u0105zanych z procesem zatrudnienia, w tym przede wszystkim Kodeksu pracy \u2013 podstaw\u0105 prawn\u0105 przetwarzania jest obowi\u0105zek prawny ci\u0105\u017c\u0105cy na Harden (art. 6 ust. 1 lit. c) og\u00f3lnego rozporz\u0105dzenia o ochronie danych osobowych nr 2016\/679 (\u201e<strong>RODO<\/strong>\u201d) w zwi\u0105zku z przepisami Kodeksu pracy), a w zakresie danych niewymaganych przepisami prawa podstaw\u0105 prawn\u0105 przetwarzania jest zgoda (art. 6 ust. 1 lit. a) RODO);b) dla cel\u00f3w prowadzenia przysz\u0142ych proces\u00f3w rekrutacyjnych, w przypadku wyra\u017cenia zgody na przetwarzanie danych w tym celu \u2013 podstaw\u0105 prawn\u0105 przetwarzania jest zgoda (art. 6 ust. 1 lit. a) RODO);c) w celu ustalenia lub dochodzenia ewentualnych roszcze\u0144 lub obrony przed takimi roszczeniami przez Harden \u2013 podstaw\u0105 prawn\u0105 przetwarzania danych jest prawnie uzasadniony interes Harden (art. 6 ust. 1 lit. f) RODO), prawnie uzasadnionym interesem Harden jest umo\u017cliwienie ustalenia, dochodzenia lub obrony przed roszczeniami.<\/li>\n<li>Pani\/Pana dane osobowe mog\u0105 by\u0107 przekazywane podmiotom \u015bwiadcz\u0105cym us\u0142ugi na rzecz Harden w zwi\u0105zku z prowadzeniem proces\u00f3w rekrutacji, takim jak agencje rekrutacyjne, a tak\u017ce dostawcom system\u00f3w informatycznych i us\u0142ug IT.<\/li>\n<li>Pani\/Pana dane osobowe b\u0119d\u0105 przetwarzane przez okres niezb\u0119dny do zako\u0144czenia procesu rekrutacji. W zakresie, w kt\u00f3rym Pani\/Pana dane przetwarzane s\u0105 w oparciu o zgod\u0119, dane b\u0119d\u0105 przetwarzane do momentu jej\u00a0wycofania, jednak nie d\u0142u\u017cej ni\u017c do zako\u0144czenia rekrutacji. Okres przetwarzania mo\u017ce zosta\u0107 ka\u017cdorazowo przed\u0142u\u017cony o okres przedawnienia roszcze\u0144, je\u017celi przetwarzanie Pani\/Pana danych osobowych b\u0119dzie niezb\u0119dne dla ustalenia lub\u00a0dochodzenia ewentualnych roszcze\u0144 lub\u00a0obrony przed takimi roszczeniami przez Harden. Po tym okresie dane b\u0119d\u0105 przetwarzane jedynie w zakresie i przez czas wymagany przepisami prawa.<\/li>\n<li>Ka\u017cd\u0105 z wyra\u017conych zg\u00f3d mo\u017cna wycofa\u0107 w dowolnym momencie poprzez wys\u0142anie maila na adres: rekrutacja@harden-construction.com. Wycofanie zgody nie wp\u0142ywa na zgodno\u015b\u0107 z prawem przetwarzania dokonanego przed jej wycofaniem.<\/li>\n<li>Przys\u0142uguje Pani\/Panu prawo dost\u0119pu do Pani\/Pana danych oraz prawo \u017c\u0105dania ich sprostowania, ich usuni\u0119cia lub ograniczenia ich przetwarzania, a w zakresie w jakim Pani\/Pana dane osobowe s\u0105 przetwarzane na podstawie zgody w spos\u00f3b zautomatyzowany \u2013 prawo do przenoszenia danych osobowych.<\/li>\n<li>Przys\u0142uguje Pani\/Panu prawo wniesienia skargi do organu nadzorczego zajmuj\u0105cego si\u0119 ochron\u0105 danych osobowych w pa\u0144stwie cz\u0142onkowskim Pani\/Pana zwyk\u0142ego pobytu, miejsca pracy lub miejsca pope\u0142nienia domniemanego naruszenia.<\/li>\n<li>Przys\u0142uguje Pani\/Panu prawo wniesienia sprzeciwu wzgl\u0119dem przetwarzania danych osobowych w celu okre\u015blonym w pkt 3) lit. c) powy\u017cej (w ramach prawnie uzasadnionego interesu Harden), z przyczyn zwi\u0105zanych z Pani\/Pana szczeg\u00f3ln\u0105 sytuacj\u0105.<\/li>\n<li>Podanie danych osobowych jest wymagane przez Kodeks pracy. Konsekwencj\u0105 niepodania tych danych jest brak mo\u017cliwo\u015bci rozpatrzenia Pani\/Pana kandydatury w procesie rekrutacyjnym. W\u00a0zakresie danych niewymaganych Kodeksem pracy, podanie danych jest dobrowolne.<\/li>\n<\/ol>\n<p>&nbsp;<\/p>\n<h1 style=\"text-align: center;\"><strong>Pe\u0142na klauzula informacyjna dla kandydat\u00f3w na kontrakt<\/strong><\/h1>\n<ol>\n<li>Administratorem Pani\/Pana danych osobowych jest Harden Construction Poland Sp. z o.o. (\u201e<strong>Harden<\/strong>\u201d) z siedzib\u0105 w Warszawie, Rondo Daszy\u0144skiego 1, 00-843 Warszawa. Mo\u017ce Pani\/Pan skontaktowa\u0107 si\u0119 z Administratorem poprzez adres e-mail:rekrutacja@harden-construction.com, a tak\u017ce pisemnie na wskazany wy\u017cej adres siedziby.<\/li>\n<li>Pani\/Pana dane osobowe zawarte w aplikacji o prac\u0119 b\u0119d\u0105 przetwarzane:a) w celu przeprowadzenia rekrutacji \u2013 podstaw\u0105 prawn\u0105 przetwarzania danych zawartych w dokumentach aplikacyjnych jest prawnie uzasadniony interes Administratora (art. 6 ust. 1 lit. f) RODO); prawnie uzasadnionym interesem jest przeprowadzenie procesu rekrutacji i wy\u0142onienie osoby do zawarcia umowy o wsp\u00f3\u0142prac\u0119;b) dla cel\u00f3w prowadzenia przysz\u0142ych proces\u00f3w rekrutacyjnych, w przypadku wyra\u017cenia zgody na przetwarzanie danych w tym celu \u2013 podstaw\u0105 prawn\u0105 przetwarzania jest zgoda (art. 6 ust. 1 lit. a) RODO);c) w celu ustalenia lub dochodzenia ewentualnych roszcze\u0144 lub obrony przed takimi roszczeniami przez Harden \u2013 podstaw\u0105 prawn\u0105 przetwarzania danych jest prawnie uzasadniony interes Harden (art. 6 ust. 1 lit. f) RODO), prawnie uzasadnionym interesem Harden jest umo\u017cliwienie ustalenia, dochodzenia lub obrony przed roszczeniami.<\/li>\n<li>Pani\/Pana dane osobowe mog\u0105 by\u0107 przekazywane podmiotom \u015bwiadcz\u0105cym us\u0142ugi na rzecz Harden w zwi\u0105zku z prowadzeniem proces\u00f3w rekrutacji, takim jak agencje rekrutacyjne, a tak\u017ce dostawcom system\u00f3w informatycznych i us\u0142ug IT.<\/li>\n<li>Pani\/Pana dane osobowe b\u0119d\u0105 przetwarzane przez okres niezb\u0119dny do zako\u0144czenia procesu rekrutacji. W zakresie, w kt\u00f3rym Pani\/Pana dane przetwarzane s\u0105 w oparciu o zgod\u0119, dane b\u0119d\u0105 przetwarzane do momentu jej\u00a0wycofania. Okres przetwarzania mo\u017ce zosta\u0107 ka\u017cdorazowo przed\u0142u\u017cony o okres przedawnienia roszcze\u0144, je\u017celi przetwarzanie Pani\/Pana danych osobowych b\u0119dzie niezb\u0119dne dla ustalenia lub\u00a0dochodzenia ewentualnych roszcze\u0144 lub\u00a0obrony przed takimi roszczeniami przez Harden. Po tym okresie dane b\u0119d\u0105 przetwarzane jedynie w zakresie i przez czas wymagany przepisami prawa.<\/li>\n<li>Zgod\u0119 na przetwarzanie danych mo\u017cna wycofa\u0107 w dowolnym momencie poprzez wys\u0142anie maila na adres rekrutacja@harden-construction.com. Wycofanie zgody nie wp\u0142ywa na zgodno\u015b\u0107 z prawem przetwarzania dokonanego przed jej wycofaniem.<\/li>\n<li>Przys\u0142uguje Pani\/Panu prawo dost\u0119pu do Pani\/Pana danych oraz prawo \u017c\u0105dania ich sprostowania, ich usuni\u0119cia lub ograniczenia ich przetwarzania, a w zakresie w jakim Pani\/Pana dane osobowe s\u0105 przetwarzane na podstawie zgody w spos\u00f3b zautomatyzowany \u2013 prawo do przenoszenia danych osobowych.<\/li>\n<li>Przys\u0142uguje Pani\/Panu prawo wniesienia skargi do organu nadzorczego zajmuj\u0105cego si\u0119 ochron\u0105 danych osobowych w pa\u0144stwie cz\u0142onkowskim Pani\/Pana zwyk\u0142ego pobytu, miejsca pracy lub miejsca pope\u0142nienia domniemanego naruszenia.<\/li>\n<li>Przys\u0142uguje Pani\/Panu prawo wniesienia sprzeciwu wzgl\u0119dem przetwarzania danych osobowych w ramach prawnie uzasadnionego interesu Harden, z przyczyn zwi\u0105zanych z\u00a0Pani\/Pana szczeg\u00f3ln\u0105 sytuacj\u0105.<\/li>\n<li>Podanie danych osobowych jest wymagane przez Harden dla cel\u00f3w prowadzenia rekrutacji. Konsekwencj\u0105 niepodania tych danych jest brak mo\u017cliwo\u015bci rozpatrzenia Pani\/Pana kandydatury w procesie rekrutacyjnym.<\/li>\n<\/ol>\n<p>&nbsp;<\/p>\n","protected":false},"excerpt":{"rendered":"<p>Pe\u0142na klauzula informacyjna dla kandydat\u00f3w na umowie o prac\u0119 Administratorem Pani\/Pana danych osobowych jest Harden Construction Poland Sp. z o.o. [&hellip;]<\/p>\n","protected":false},"author":1,"featured_media":0,"parent":86677,"menu_order":0,"comment_status":"closed","ping_status":"closed","template":"","meta":{"footnotes":""},"class_list":["post-86808","page","type-page","status-publish","hentry"],"yoast_head":"<!-- This site is optimized with the Yoast SEO plugin v27.4 - https:\/\/yoast.com\/product\/yoast-seo-wordpress\/ -->\n<title>GDPR - Harden Construction<\/title>\n<meta name=\"robots\" content=\"index, follow, max-snippet:-1, max-image-preview:large, max-video-preview:-1\" \/>\n<link rel=\"canonical\" href=\"https:\/\/harden-construction.com\/en\/about-us\/documents\/gdpr\/\" \/>\n<meta property=\"og:locale\" content=\"en_US\" \/>\n<meta property=\"og:type\" content=\"article\" \/>\n<meta property=\"og:title\" content=\"GDPR - Harden Construction\" \/>\n<meta property=\"og:description\" content=\"Pe\u0142na klauzula informacyjna dla kandydat\u00f3w na umowie o prac\u0119 Administratorem Pani\/Pana danych osobowych jest Harden Construction Poland Sp. z o.o. [&hellip;]\" \/>\n<meta property=\"og:url\" content=\"https:\/\/harden-construction.com\/en\/about-us\/documents\/gdpr\/\" \/>\n<meta property=\"og:site_name\" content=\"Harden Construction\" \/>\n<meta property=\"article:modified_time\" content=\"2024-01-25T16:30:09+00:00\" \/>\n<meta name=\"twitter:card\" content=\"summary_large_image\" \/>\n<meta name=\"twitter:label1\" content=\"Est. reading time\" \/>\n\t<meta name=\"twitter:data1\" content=\"6 minutes\" \/>\n<script type=\"application\/ld+json\" class=\"yoast-schema-graph\">{\"@context\":\"https:\\\/\\\/schema.org\",\"@graph\":[{\"@type\":\"WebPage\",\"@id\":\"https:\\\/\\\/harden-construction.com\\\/en\\\/about-us\\\/documents\\\/gdpr\\\/\",\"url\":\"https:\\\/\\\/harden-construction.com\\\/en\\\/about-us\\\/documents\\\/gdpr\\\/\",\"name\":\"GDPR - Harden Construction\",\"isPartOf\":{\"@id\":\"https:\\\/\\\/harden-construction.com\\\/en\\\/#website\"},\"datePublished\":\"2022-04-20T11:20:17+00:00\",\"dateModified\":\"2024-01-25T16:30:09+00:00\",\"breadcrumb\":{\"@id\":\"https:\\\/\\\/harden-construction.com\\\/en\\\/about-us\\\/documents\\\/gdpr\\\/#breadcrumb\"},\"inLanguage\":\"en-US\",\"potentialAction\":[{\"@type\":\"ReadAction\",\"target\":[\"https:\\\/\\\/harden-construction.com\\\/en\\\/about-us\\\/documents\\\/gdpr\\\/\"]}]},{\"@type\":\"BreadcrumbList\",\"@id\":\"https:\\\/\\\/harden-construction.com\\\/en\\\/about-us\\\/documents\\\/gdpr\\\/#breadcrumb\",\"itemListElement\":[{\"@type\":\"ListItem\",\"position\":1,\"name\":\"Strona g\u0142\u00f3wna\",\"item\":\"https:\\\/\\\/harden-construction.com\\\/en\\\/\"},{\"@type\":\"ListItem\",\"position\":2,\"name\":\"About us\",\"item\":\"https:\\\/\\\/harden-construction.com\\\/en\\\/about-us\\\/\"},{\"@type\":\"ListItem\",\"position\":3,\"name\":\"DOCUMENTS\",\"item\":\"https:\\\/\\\/harden-construction.com\\\/en\\\/about-us\\\/documents\\\/\"},{\"@type\":\"ListItem\",\"position\":4,\"name\":\"GDPR\"}]},{\"@type\":\"WebSite\",\"@id\":\"https:\\\/\\\/harden-construction.com\\\/en\\\/#website\",\"url\":\"https:\\\/\\\/harden-construction.com\\\/en\\\/\",\"name\":\"Harden Construction\",\"description\":\"\",\"potentialAction\":[{\"@type\":\"SearchAction\",\"target\":{\"@type\":\"EntryPoint\",\"urlTemplate\":\"https:\\\/\\\/harden-construction.com\\\/en\\\/?s={search_term_string}\"},\"query-input\":{\"@type\":\"PropertyValueSpecification\",\"valueRequired\":true,\"valueName\":\"search_term_string\"}}],\"inLanguage\":\"en-US\"}]}<\/script>\n<!-- \/ Yoast SEO plugin. -->","yoast_head_json":{"title":"GDPR - Harden Construction","robots":{"index":"index","follow":"follow","max-snippet":"max-snippet:-1","max-image-preview":"max-image-preview:large","max-video-preview":"max-video-preview:-1"},"canonical":"https:\/\/harden-construction.com\/en\/about-us\/documents\/gdpr\/","og_locale":"en_US","og_type":"article","og_title":"GDPR - Harden Construction","og_description":"Pe\u0142na klauzula informacyjna dla kandydat\u00f3w na umowie o prac\u0119 Administratorem Pani\/Pana danych osobowych jest Harden Construction Poland Sp. z o.o. [&hellip;]","og_url":"https:\/\/harden-construction.com\/en\/about-us\/documents\/gdpr\/","og_site_name":"Harden Construction","article_modified_time":"2024-01-25T16:30:09+00:00","twitter_card":"summary_large_image","twitter_misc":{"Est. reading time":"6 minutes"},"schema":{"@context":"https:\/\/schema.org","@graph":[{"@type":"WebPage","@id":"https:\/\/harden-construction.com\/en\/about-us\/documents\/gdpr\/","url":"https:\/\/harden-construction.com\/en\/about-us\/documents\/gdpr\/","name":"GDPR - Harden Construction","isPartOf":{"@id":"https:\/\/harden-construction.com\/en\/#website"},"datePublished":"2022-04-20T11:20:17+00:00","dateModified":"2024-01-25T16:30:09+00:00","breadcrumb":{"@id":"https:\/\/harden-construction.com\/en\/about-us\/documents\/gdpr\/#breadcrumb"},"inLanguage":"en-US","potentialAction":[{"@type":"ReadAction","target":["https:\/\/harden-construction.com\/en\/about-us\/documents\/gdpr\/"]}]},{"@type":"BreadcrumbList","@id":"https:\/\/harden-construction.com\/en\/about-us\/documents\/gdpr\/#breadcrumb","itemListElement":[{"@type":"ListItem","position":1,"name":"Strona g\u0142\u00f3wna","item":"https:\/\/harden-construction.com\/en\/"},{"@type":"ListItem","position":2,"name":"About us","item":"https:\/\/harden-construction.com\/en\/about-us\/"},{"@type":"ListItem","position":3,"name":"DOCUMENTS","item":"https:\/\/harden-construction.com\/en\/about-us\/documents\/"},{"@type":"ListItem","position":4,"name":"GDPR"}]},{"@type":"WebSite","@id":"https:\/\/harden-construction.com\/en\/#website","url":"https:\/\/harden-construction.com\/en\/","name":"Harden Construction","description":"","potentialAction":[{"@type":"SearchAction","target":{"@type":"EntryPoint","urlTemplate":"https:\/\/harden-construction.com\/en\/?s={search_term_string}"},"query-input":{"@type":"PropertyValueSpecification","valueRequired":true,"valueName":"search_term_string"}}],"inLanguage":"en-US"}]}},"_links":{"self":[{"href":"https:\/\/harden-construction.com\/en\/wp-json\/wp\/v2\/pages\/86808","targetHints":{"allow":["GET"]}}],"collection":[{"href":"https:\/\/harden-construction.com\/en\/wp-json\/wp\/v2\/pages"}],"about":[{"href":"https:\/\/harden-construction.com\/en\/wp-json\/wp\/v2\/types\/page"}],"author":[{"embeddable":true,"href":"https:\/\/harden-construction.com\/en\/wp-json\/wp\/v2\/users\/1"}],"replies":[{"embeddable":true,"href":"https:\/\/harden-construction.com\/en\/wp-json\/wp\/v2\/comments?post=86808"}],"version-history":[{"count":1,"href":"https:\/\/harden-construction.com\/en\/wp-json\/wp\/v2\/pages\/86808\/revisions"}],"predecessor-version":[{"id":86809,"href":"https:\/\/harden-construction.com\/en\/wp-json\/wp\/v2\/pages\/86808\/revisions\/86809"}],"up":[{"embeddable":true,"href":"https:\/\/harden-construction.com\/en\/wp-json\/wp\/v2\/pages\/86677"}],"wp:attachment":[{"href":"https:\/\/harden-construction.com\/en\/wp-json\/wp\/v2\/media?parent=86808"}],"curies":[{"name":"wp","href":"https:\/\/api.w.org\/{rel}","templated":true}]}}